{"id":3920,"date":"2026-02-10T11:30:29","date_gmt":"2026-02-10T10:30:29","guid":{"rendered":"https:\/\/www.publibit.com\/?page_id=3920"},"modified":"2026-02-10T11:34:27","modified_gmt":"2026-02-10T10:34:27","slug":"aviso-legal-y-privacidad","status":"publish","type":"page","link":"https:\/\/www.publibit.com\/index.php\/aviso-legal-y-privacidad\/","title":{"rendered":"Aviso Legal y Privacidad"},"content":{"rendered":"<p>[et_pb_section fb_built=\u00bb1&#8243; _builder_version=\u00bb4.27.5&#8243; _module_preset=\u00bbdefault\u00bb global_colors_info=\u00bb{}\u00bb][et_pb_row _builder_version=\u00bb4.27.5&#8243; _module_preset=\u00bbdefault\u00bb global_colors_info=\u00bb{}\u00bb][et_pb_column type=\u00bb4_4&#8243; _builder_version=\u00bb4.27.5&#8243; _module_preset=\u00bbdefault\u00bb global_colors_info=\u00bb{}\u00bb][et_pb_text _builder_version=\u00bb4.27.5&#8243; _module_preset=\u00bbdefault\u00bb header_2_font=\u00bb|800|||||||\u00bb hover_enabled=\u00bb0&#8243; global_colors_info=\u00bb{}\u00bb sticky_enabled=\u00bb0&#8243;]<\/p>\n<blockquote>\n<h2 data-path-to-node=\"3\">Aviso Legal y T\u00e9rminos de Uso<\/h2>\n<\/blockquote>\n<p data-path-to-node=\"4\"><b data-path-to-node=\"4\" data-index-in-node=\"0\">Titularidad del sitio web<\/b> En cumplimiento del art\u00edculo 10 de la Ley 34\/2002, de 11 de julio, de Servicios de la Sociedad de la Informaci\u00f3n y Comercio Electr\u00f3nico (LSSICE), se exponen los datos identificativos del titular:<\/p>\n<ul data-path-to-node=\"5\">\n<li>\n<p data-path-to-node=\"5,0,0\"><b data-path-to-node=\"5,0,0\" data-index-in-node=\"0\">Raz\u00f3n Social:<\/b> Publibit, S.L.<\/p>\n<\/li>\n<li>\n<p data-path-to-node=\"5,1,0\"><b data-path-to-node=\"5,1,0\" data-index-in-node=\"0\">Domicilio:<\/b> C\/ El Cabezuelo 5, 21003 Huelva.<\/p>\n<\/li>\n<li>\n<p data-path-to-node=\"5,2,0\"><b data-path-to-node=\"5,2,0\" data-index-in-node=\"0\">Email:<\/b> publibit@publibit.com<\/p>\n<\/li>\n<li>\n<p data-path-to-node=\"5,3,0\"><b data-path-to-node=\"5,3,0\" data-index-in-node=\"0\">Objeto:<\/b> Servicios de publicidad y marketing.<\/p>\n<\/li>\n<\/ul>\n<p data-path-to-node=\"6\"><b data-path-to-node=\"6\" data-index-in-node=\"0\">Condiciones de uso<\/b> El acceso a este sitio web implica la aceptaci\u00f3n de las presentes condiciones. El usuario se compromete a utilizar la web, sus contenidos y servicios de conformidad con la Ley y el presente Aviso Legal. Queda prohibida la reproducci\u00f3n total o parcial de los contenidos de esta web sin autorizaci\u00f3n expresa de Publibit, S.L.<\/p>\n<blockquote>\n<h2 data-path-to-node=\"9\"><b data-path-to-node=\"9\" data-index-in-node=\"0\">Pol\u00edtica de Privacidad<\/b><\/h2>\n<\/blockquote>\n<p data-path-to-node=\"9\"><b data-path-to-node=\"9\" data-index-in-node=\"0\">Responsable del Tratamiento<\/b><\/p>\n<p data-path-to-node=\"9\">El responsable de los datos recogidos en esta web es Publibit, S.L., con domicilio en C\/ El Cabezuelo 5, 21003 Huelva y email publibit@publibit.com.<\/p>\n<p data-path-to-node=\"10\"><b data-path-to-node=\"10\" data-index-in-node=\"0\">Finalidad del tratamiento<\/b><\/p>\n<p data-path-to-node=\"10\">Tratamos la informaci\u00f3n que nos facilitan las personas interesadas con el fin de:<\/p>\n<ol start=\"1\" data-path-to-node=\"11\">\n<li>\n<p data-path-to-node=\"11,0,0\">Gestionar el env\u00edo de informaci\u00f3n solicitada a trav\u00e9s de formularios de contacto.<\/p>\n<\/li>\n<li>\n<p data-path-to-node=\"11,1,0\">Prestar los servicios contratados por el cliente.<\/p>\n<\/li>\n<\/ol>\n<p data-path-to-node=\"12\"><b data-path-to-node=\"12\" data-index-in-node=\"0\">Legitimaci\u00f3n<\/b> El tratamiento de sus datos se basa en el consentimiento del interesado (al marcar la casilla de aceptaci\u00f3n en los formularios) o en la ejecuci\u00f3n de un contrato de servicios.<\/p>\n<p data-path-to-node=\"13\"><b data-path-to-node=\"13\" data-index-in-node=\"0\">Derechos del usuario<\/b> Cualquier persona tiene derecho a obtener confirmaci\u00f3n sobre si en Publibit, S.L. estamos tratando sus datos personales. Usted puede ejercer sus derechos de <b data-path-to-node=\"13\" data-index-in-node=\"178\">acceso, rectificaci\u00f3n, supresi\u00f3n y portabilidad<\/b> de sus datos, de limitaci\u00f3n y oposici\u00f3n a su tratamiento, enviando un correo a <b data-path-to-node=\"13\" data-index-in-node=\"305\">publibit@publibit.com<\/b>.<\/p>\n<blockquote>\n<h2 data-path-to-node=\"13\">Pol\u00edtica de coockies<\/h2>\n<\/blockquote>\n<p data-path-to-node=\"16\">Este sitio web utiliza cookies propias y de terceros para mejorar la experiencia del usuario y analizar sus h\u00e1bitos de navegaci\u00f3n.<\/p>\n<ul data-path-to-node=\"17\">\n<li>\n<p data-path-to-node=\"17,0,0\"><b data-path-to-node=\"17,0,0\" data-index-in-node=\"0\">Cookies T\u00e9cnicas:<\/b> Necesarias para el funcionamiento de la web (ej. inicio de sesi\u00f3n, ajustes de dise\u00f1o).<\/p>\n<\/li>\n<li>\n<p data-path-to-node=\"17,1,0\"><b data-path-to-node=\"17,1,0\" data-index-in-node=\"0\">Cookies de An\u00e1lisis:<\/b> Aquellas que, tratadas por nosotros o por terceros (como Google Analytics), nos permiten cuantificar el n\u00famero de usuarios y realizar la medici\u00f3n y an\u00e1lisis estad\u00edstico del uso que hacen los usuarios del servicio.<\/p>\n<\/li>\n<\/ul>\n<p data-path-to-node=\"18\">Usted puede permitir, bloquear o eliminar las cookies instaladas en su equipo mediante la configuraci\u00f3n de las opciones del navegador instalado en su ordenador.<\/p>\n<p>[\/et_pb_text][\/et_pb_column][\/et_pb_row][\/et_pb_section]<\/p>\n","protected":false},"excerpt":{"rendered":"<p>Aviso Legal y T\u00e9rminos de Uso Titularidad del sitio web En cumplimiento del art\u00edculo 10 de la Ley 34\/2002, de 11 de julio, de Servicios de la Sociedad de la Informaci\u00f3n y Comercio Electr\u00f3nico (LSSICE), se exponen los datos identificativos del titular: Raz\u00f3n Social: Publibit, S.L. Domicilio: C\/ El Cabezuelo 5, 21003 Huelva. Email: publibit@publibit.com [&hellip;]<\/p>\n","protected":false},"author":1,"featured_media":0,"parent":0,"menu_order":0,"comment_status":"closed","ping_status":"closed","template":"","meta":{"_et_pb_use_builder":"on","_et_pb_old_content":"","_et_gb_content_width":"","footnotes":""},"class_list":["post-3920","page","type-page","status-publish","hentry"],"_links":{"self":[{"href":"https:\/\/www.publibit.com\/index.php\/wp-json\/wp\/v2\/pages\/3920","targetHints":{"allow":["GET"]}}],"collection":[{"href":"https:\/\/www.publibit.com\/index.php\/wp-json\/wp\/v2\/pages"}],"about":[{"href":"https:\/\/www.publibit.com\/index.php\/wp-json\/wp\/v2\/types\/page"}],"author":[{"embeddable":true,"href":"https:\/\/www.publibit.com\/index.php\/wp-json\/wp\/v2\/users\/1"}],"replies":[{"embeddable":true,"href":"https:\/\/www.publibit.com\/index.php\/wp-json\/wp\/v2\/comments?post=3920"}],"version-history":[{"count":4,"href":"https:\/\/www.publibit.com\/index.php\/wp-json\/wp\/v2\/pages\/3920\/revisions"}],"predecessor-version":[{"id":3924,"href":"https:\/\/www.publibit.com\/index.php\/wp-json\/wp\/v2\/pages\/3920\/revisions\/3924"}],"wp:attachment":[{"href":"https:\/\/www.publibit.com\/index.php\/wp-json\/wp\/v2\/media?parent=3920"}],"curies":[{"name":"wp","href":"https:\/\/api.w.org\/{rel}","templated":true}]}}